{"id":197,"date":"2021-02-06T22:19:18","date_gmt":"2021-02-07T01:19:18","guid":{"rendered":"http:\/\/alziraballestero.com.br\/?page_id=197"},"modified":"2021-05-06T17:43:11","modified_gmt":"2021-05-06T20:43:11","slug":"enevoados","status":"publish","type":"page","link":"https:\/\/alziraballestero.com.br\/index.php\/enevoados\/","title":{"rendered":"\u2014 Enevoados"},"content":{"rendered":"\t\t<div data-elementor-type=\"wp-page\" data-elementor-id=\"197\" class=\"elementor elementor-197\">\n\t\t\t\t\t\t<section class=\"elementor-section elementor-top-section elementor-element elementor-element-10e9ac85 elementor-section-full_width elementor-section-height-default elementor-section-height-default\" data-id=\"10e9ac85\" data-element_type=\"section\" data-e-type=\"section\">\n\t\t\t\t\t\t<div class=\"elementor-container elementor-column-gap-default\">\n\t\t\t\t\t<div class=\"elementor-column elementor-col-33 elementor-top-column elementor-element elementor-element-17326ab2 elementor-hidden-tablet elementor-hidden-phone\" data-id=\"17326ab2\" data-element_type=\"column\" data-e-type=\"column\">\n\t\t\t<div class=\"elementor-widget-wrap elementor-element-populated\">\n\t\t\t\t\t\t<div class=\"elementor-element elementor-element-3af3374c elementor-widget elementor-widget-sidebar\" data-id=\"3af3374c\" data-element_type=\"widget\" data-e-type=\"widget\" data-widget_type=\"sidebar.default\">\n\t\t\t\t<div class=\"elementor-widget-container\">\n\t\t\t\t\t<div id=\"nav_menu-5\" class=\"widget widget_nav_menu\"><div class=\"menu-menu-primario-container\"><ul id=\"menu-menu-primario\" class=\"menu\"><li id=\"menu-item-369\" class=\"menu-item menu-item-type-post_type menu-item-object-page menu-item-369\"><a href=\"https:\/\/alziraballestero.com.br\/index.php\/portfolio\/\">Portf\u00f3lio<\/a><\/li>\n<li id=\"menu-item-370\" class=\"menu-item menu-item-type-post_type menu-item-object-page menu-item-370\"><a href=\"https:\/\/alziraballestero.com.br\/index.php\/sobre\/\">Sobre<\/a><\/li>\n<li id=\"menu-item-924\" class=\"menu-item menu-item-type-post_type menu-item-object-page menu-item-924\"><a href=\"https:\/\/alziraballestero.com.br\/index.php\/curriculo\/\">Curr\u00edculo<\/a><\/li>\n<li id=\"menu-item-371\" class=\"menu-item menu-item-type-post_type menu-item-object-page menu-item-371\"><a href=\"https:\/\/alziraballestero.com.br\/index.php\/contato\/\">Contato<\/a><\/li>\n<\/ul><\/div><\/div>\t\t\t\t<\/div>\n\t\t\t\t<\/div>\n\t\t\t\t\t<\/div>\n\t\t<\/div>\n\t\t\t\t<div class=\"elementor-column elementor-col-66 elementor-top-column elementor-element elementor-element-779cfdde\" data-id=\"779cfdde\" data-element_type=\"column\" data-e-type=\"column\">\n\t\t\t<div class=\"elementor-widget-wrap elementor-element-populated\">\n\t\t\t\t\t\t<section class=\"elementor-section elementor-inner-section elementor-element elementor-element-0a290a3 elementor-section-full_width elementor-section-height-default elementor-section-height-default\" data-id=\"0a290a3\" data-element_type=\"section\" data-e-type=\"section\">\n\t\t\t\t\t\t<div class=\"elementor-container elementor-column-gap-default\">\n\t\t\t\t\t<div class=\"elementor-column elementor-col-50 elementor-inner-column elementor-element elementor-element-85ca1f6\" data-id=\"85ca1f6\" data-element_type=\"column\" data-e-type=\"column\">\n\t\t\t<div class=\"elementor-widget-wrap\">\n\t\t\t\t\t\t\t<\/div>\n\t\t<\/div>\n\t\t\t\t<div class=\"elementor-column elementor-col-50 elementor-inner-column elementor-element elementor-element-a65101b\" data-id=\"a65101b\" data-element_type=\"column\" data-e-type=\"column\">\n\t\t\t<div class=\"elementor-widget-wrap elementor-element-populated\">\n\t\t\t\t\t\t<div class=\"elementor-element elementor-element-aee68d1 elementor-widget elementor-widget-text-editor\" data-id=\"aee68d1\" data-element_type=\"widget\" data-e-type=\"widget\" data-widget_type=\"text-editor.default\">\n\t\t\t\t<div class=\"elementor-widget-container\">\n\t\t\t\t\t\t\t\t\t<p><strong>Enevoados<\/strong>, 2020 &#8211; 2021<\/p><p><span style=\"color: var( --e-global-color-text ); font-family: var( --e-global-typography-text-font-family ), Sans-serif; letter-spacing: 0px; background-color: var(--nv-site-bg);\">A paisagem sempre est\u00e1 contida na minha produ\u00e7\u00e3o art\u00edstica.<br \/>Tudo leva a ela, at\u00e9 mesmo os retratos que s\u00e3o de seus habitantes.<br \/><\/span>\u00c0s vezes real, \u00e0s vezes imagin\u00e1ria; ora aparece expl\u00edcita, ora velada.<br \/>Enevoados tamb\u00e9m s\u00e3o paisagens.<\/p>\t\t\t\t\t\t\t\t<\/div>\n\t\t\t\t<\/div>\n\t\t\t\t\t<\/div>\n\t\t<\/div>\n\t\t\t\t\t<\/div>\n\t\t<\/section>\n\t\t\t\t<section class=\"elementor-section elementor-inner-section elementor-element elementor-element-e7e0e8c elementor-section-full_width elementor-section-height-default elementor-section-height-default\" data-id=\"e7e0e8c\" data-element_type=\"section\" data-e-type=\"section\">\n\t\t\t\t\t\t<div class=\"elementor-container elementor-column-gap-default\">\n\t\t\t\t\t<div class=\"elementor-column elementor-col-33 elementor-inner-column elementor-element elementor-element-7201bc9\" data-id=\"7201bc9\" data-element_type=\"column\" data-e-type=\"column\">\n\t\t\t<div class=\"elementor-widget-wrap elementor-element-populated\">\n\t\t\t\t\t\t<div class=\"elementor-element elementor-element-f41d8b2 elementor-pagination-position-outside elementor-widget elementor-widget-image-carousel\" data-id=\"f41d8b2\" data-element_type=\"widget\" data-e-type=\"widget\" data-settings=\"{&quot;slides_to_show&quot;:&quot;1&quot;,&quot;navigation&quot;:&quot;dots&quot;,&quot;autoplay&quot;:&quot;no&quot;,&quot;infinite&quot;:&quot;yes&quot;,&quot;effect&quot;:&quot;slide&quot;,&quot;speed&quot;:500}\" data-widget_type=\"image-carousel.default\">\n\t\t\t\t<div class=\"elementor-widget-container\">\n\t\t\t\t\t\t\t<div class=\"elementor-image-carousel-wrapper swiper\" role=\"region\" aria-roledescription=\"carousel\" aria-label=\"Carrossel de imagens\" dir=\"ltr\">\n\t\t\t<div class=\"elementor-image-carousel swiper-wrapper\" aria-live=\"polite\">\n\t\t\t\t\t\t\t\t<div class=\"swiper-slide\" role=\"group\" aria-roledescription=\"slide\" aria-label=\"1 de 2\"><a data-elementor-open-lightbox=\"yes\" data-elementor-lightbox-slideshow=\"f41d8b2\" data-e-action-hash=\"#elementor-action%3Aaction%3Dlightbox%26settings%3DeyJpZCI6NDk4LCJ1cmwiOiJodHRwczpcL1wvYWx6aXJhYmFsbGVzdGVyby5jb20uYnJcL3dwLWNvbnRlbnRcL3VwbG9hZHNcLzIwMjFcLzAzXC9BcXVhcmVsYS1mb2xoYS1kZS1vdXJvLWxpbmhhLXBhcmFmaW5hLTU1Y20tZGlhbWV0cm8tY2FkYS0yLmpwZyIsInNsaWRlc2hvdyI6ImY0MWQ4YjIifQ%3D%3D\" href=\"https:\/\/alziraballestero.com.br\/wp-content\/uploads\/2021\/03\/Aquarela-folha-de-ouro-linha-parafina-55cm-diametro-cada-2.jpg\"><figure class=\"swiper-slide-inner\"><img decoding=\"async\" class=\"swiper-slide-image\" src=\"https:\/\/alziraballestero.com.br\/wp-content\/uploads\/2021\/03\/Aquarela-folha-de-ouro-linha-parafina-55cm-diametro-cada-2-300x300.jpg\" alt=\"Aquarela, folha de ouro, linha, parafina. 5,5cm di\u00e2metro\" \/><figcaption class=\"elementor-image-carousel-caption\">Aquarela, folha de ouro, linha, parafina. 5,5cm di\u00e2metro<\/figcaption><\/figure><\/a><\/div><div class=\"swiper-slide\" role=\"group\" aria-roledescription=\"slide\" aria-label=\"2 de 2\"><a data-elementor-open-lightbox=\"yes\" data-elementor-lightbox-slideshow=\"f41d8b2\" data-e-action-hash=\"#elementor-action%3Aaction%3Dlightbox%26settings%3DeyJpZCI6NDk5LCJ1cmwiOiJodHRwczpcL1wvYWx6aXJhYmFsbGVzdGVyby5jb20uYnJcL3dwLWNvbnRlbnRcL3VwbG9hZHNcLzIwMjFcLzAzXC9BcXVhcmVsYS1mb2xoYS1kZS1vdXJvLWxpbmhhLXBhcmFmaW5hLTU1Y20tZGlhbWV0cm8tY2FkYS5qcGciLCJzbGlkZXNob3ciOiJmNDFkOGIyIn0%3D\" href=\"https:\/\/alziraballestero.com.br\/wp-content\/uploads\/2021\/03\/Aquarela-folha-de-ouro-linha-parafina-55cm-diametro-cada.jpg\"><figure class=\"swiper-slide-inner\"><img decoding=\"async\" class=\"swiper-slide-image\" src=\"https:\/\/alziraballestero.com.br\/wp-content\/uploads\/2021\/03\/Aquarela-folha-de-ouro-linha-parafina-55cm-diametro-cada-300x300.jpg\" alt=\"Aquarela, folha de ouro, linha, parafina. 5,5cm di\u00e2metro\" \/><figcaption class=\"elementor-image-carousel-caption\">Aquarela, folha de ouro, linha, parafina. 5,5cm di\u00e2metro<\/figcaption><\/figure><\/a><\/div>\t\t\t<\/div>\n\t\t\t\t\t\t\t\n\t\t\t\t\t\t\t\t\t<div class=\"swiper-pagination\"><\/div>\n\t\t\t\t\t\t\t\t\t<\/div>\n\t\t\t\t\t\t<\/div>\n\t\t\t\t<\/div>\n\t\t\t\t\t<\/div>\n\t\t<\/div>\n\t\t\t\t<div class=\"elementor-column elementor-col-33 elementor-inner-column elementor-element elementor-element-c7e4615\" data-id=\"c7e4615\" data-element_type=\"column\" data-e-type=\"column\">\n\t\t\t<div class=\"elementor-widget-wrap elementor-element-populated\">\n\t\t\t\t\t\t<div class=\"elementor-element elementor-element-056fc65 elementor-pagination-position-outside elementor-widget elementor-widget-image-carousel\" data-id=\"056fc65\" data-element_type=\"widget\" data-e-type=\"widget\" data-settings=\"{&quot;slides_to_show&quot;:&quot;1&quot;,&quot;navigation&quot;:&quot;dots&quot;,&quot;autoplay&quot;:&quot;no&quot;,&quot;infinite&quot;:&quot;yes&quot;,&quot;effect&quot;:&quot;slide&quot;,&quot;speed&quot;:500}\" data-widget_type=\"image-carousel.default\">\n\t\t\t\t<div class=\"elementor-widget-container\">\n\t\t\t\t\t\t\t<div class=\"elementor-image-carousel-wrapper swiper\" role=\"region\" aria-roledescription=\"carousel\" aria-label=\"Carrossel de imagens\" dir=\"ltr\">\n\t\t\t<div class=\"elementor-image-carousel swiper-wrapper\" aria-live=\"polite\">\n\t\t\t\t\t\t\t\t<div class=\"swiper-slide\" role=\"group\" aria-roledescription=\"slide\" aria-label=\"1 de 3\"><a data-elementor-open-lightbox=\"yes\" data-elementor-lightbox-slideshow=\"056fc65\" data-e-action-hash=\"#elementor-action%3Aaction%3Dlightbox%26settings%3DeyJpZCI6NTAwLCJ1cmwiOiJodHRwczpcL1wvYWx6aXJhYmFsbGVzdGVyby5jb20uYnJcL3dwLWNvbnRlbnRcL3VwbG9hZHNcLzIwMjFcLzAzXC9BcXVhcmVsYS1mb2xoYS1kZS1vdXJvLXBhcmFmaW5hLXZpZHJvLWFyYW1lLTgtY20tZGlhbWV0cm8tNS5qcGciLCJzbGlkZXNob3ciOiIwNTZmYzY1In0%3D\" href=\"https:\/\/alziraballestero.com.br\/wp-content\/uploads\/2021\/03\/Aquarela-folha-de-ouro-parafina-vidro-arame-8-cm-diametro-5.jpg\"><figure class=\"swiper-slide-inner\"><img decoding=\"async\" class=\"swiper-slide-image\" src=\"https:\/\/alziraballestero.com.br\/wp-content\/uploads\/2021\/03\/Aquarela-folha-de-ouro-parafina-vidro-arame-8-cm-diametro-5-225x300.jpg\" alt=\"Aquarela, folha de ouro, parafina, vidro, arame. 8 cm di\u00e2metro\" \/><figcaption class=\"elementor-image-carousel-caption\">Aquarela, folha de ouro, parafina, vidro, arame. 8 cm di\u00e2metro<\/figcaption><\/figure><\/a><\/div><div class=\"swiper-slide\" role=\"group\" aria-roledescription=\"slide\" aria-label=\"2 de 3\"><a data-elementor-open-lightbox=\"yes\" data-elementor-lightbox-slideshow=\"056fc65\" data-e-action-hash=\"#elementor-action%3Aaction%3Dlightbox%26settings%3DeyJpZCI6NTAxLCJ1cmwiOiJodHRwczpcL1wvYWx6aXJhYmFsbGVzdGVyby5jb20uYnJcL3dwLWNvbnRlbnRcL3VwbG9hZHNcLzIwMjFcLzAzXC9BcXVhcmVsYS1mb2xoYS1kZS1vdXJvLXBhcmFmaW5hLXZpZHJvLWFyYW1lLTgtY20tZGlhbWV0cm8tNi5qcGciLCJzbGlkZXNob3ciOiIwNTZmYzY1In0%3D\" href=\"https:\/\/alziraballestero.com.br\/wp-content\/uploads\/2021\/03\/Aquarela-folha-de-ouro-parafina-vidro-arame-8-cm-diametro-6.jpg\"><figure class=\"swiper-slide-inner\"><img decoding=\"async\" class=\"swiper-slide-image\" src=\"https:\/\/alziraballestero.com.br\/wp-content\/uploads\/2021\/03\/Aquarela-folha-de-ouro-parafina-vidro-arame-8-cm-diametro-6-225x300.jpg\" alt=\"Aquarela, folha de ouro, parafina, vidro, arame. 8 cm di\u00e2metro\" \/><figcaption class=\"elementor-image-carousel-caption\">Aquarela, folha de ouro, parafina, vidro, arame. 8 cm di\u00e2metro<\/figcaption><\/figure><\/a><\/div><div class=\"swiper-slide\" role=\"group\" aria-roledescription=\"slide\" aria-label=\"3 de 3\"><a data-elementor-open-lightbox=\"yes\" data-elementor-lightbox-slideshow=\"056fc65\" data-e-action-hash=\"#elementor-action%3Aaction%3Dlightbox%26settings%3DeyJpZCI6NTAyLCJ1cmwiOiJodHRwczpcL1wvYWx6aXJhYmFsbGVzdGVyby5jb20uYnJcL3dwLWNvbnRlbnRcL3VwbG9hZHNcLzIwMjFcLzAzXC9BcXVhcmVsYS1mb2xoYS1kZS1vdXJvLXBhcmFmaW5hLXZpZHJvLWFyYW1lLTgtY20tZGlhbWV0cm8tNy5qcGciLCJzbGlkZXNob3ciOiIwNTZmYzY1In0%3D\" href=\"https:\/\/alziraballestero.com.br\/wp-content\/uploads\/2021\/03\/Aquarela-folha-de-ouro-parafina-vidro-arame-8-cm-diametro-7.jpg\"><figure class=\"swiper-slide-inner\"><img decoding=\"async\" class=\"swiper-slide-image\" src=\"https:\/\/alziraballestero.com.br\/wp-content\/uploads\/2021\/03\/Aquarela-folha-de-ouro-parafina-vidro-arame-8-cm-diametro-7-225x300.jpg\" alt=\"Aquarela, folha de ouro, parafina, vidro, arame. 8 cm di\u00e2metro\" \/><figcaption class=\"elementor-image-carousel-caption\">Aquarela, folha de ouro, parafina, vidro, arame. 8 cm di\u00e2metro<\/figcaption><\/figure><\/a><\/div>\t\t\t<\/div>\n\t\t\t\t\t\t\t\n\t\t\t\t\t\t\t\t\t<div class=\"swiper-pagination\"><\/div>\n\t\t\t\t\t\t\t\t\t<\/div>\n\t\t\t\t\t\t<\/div>\n\t\t\t\t<\/div>\n\t\t\t\t\t<\/div>\n\t\t<\/div>\n\t\t\t\t<div class=\"elementor-column elementor-col-33 elementor-inner-column elementor-element elementor-element-43371da\" data-id=\"43371da\" data-element_type=\"column\" data-e-type=\"column\">\n\t\t\t<div class=\"elementor-widget-wrap elementor-element-populated\">\n\t\t\t\t\t\t<div class=\"elementor-element elementor-element-c70a87f elementor-pagination-position-outside elementor-widget elementor-widget-image-carousel\" data-id=\"c70a87f\" data-element_type=\"widget\" data-e-type=\"widget\" data-settings=\"{&quot;slides_to_show&quot;:&quot;1&quot;,&quot;navigation&quot;:&quot;dots&quot;,&quot;autoplay&quot;:&quot;no&quot;,&quot;infinite&quot;:&quot;yes&quot;,&quot;effect&quot;:&quot;slide&quot;,&quot;speed&quot;:500}\" data-widget_type=\"image-carousel.default\">\n\t\t\t\t<div class=\"elementor-widget-container\">\n\t\t\t\t\t\t\t<div class=\"elementor-image-carousel-wrapper swiper\" role=\"region\" aria-roledescription=\"carousel\" aria-label=\"Carrossel de imagens\" dir=\"ltr\">\n\t\t\t<div class=\"elementor-image-carousel swiper-wrapper\" aria-live=\"polite\">\n\t\t\t\t\t\t\t\t<div class=\"swiper-slide\" role=\"group\" aria-roledescription=\"slide\" aria-label=\"1 de 5\"><a data-elementor-open-lightbox=\"yes\" data-elementor-lightbox-slideshow=\"c70a87f\" data-e-action-hash=\"#elementor-action%3Aaction%3Dlightbox%26settings%3DeyJpZCI6NTA0LCJ1cmwiOiJodHRwczpcL1wvYWx6aXJhYmFsbGVzdGVyby5jb20uYnJcL3dwLWNvbnRlbnRcL3VwbG9hZHNcLzIwMjFcLzAzXC9FbmV2b2Fkby1hcXVhcmVsYS1mb2xoYS1kZS1vdXJvLXBhcmFmaW5hLWRldGFsaGUtMTV4MTVjbS5qcGciLCJzbGlkZXNob3ciOiJjNzBhODdmIn0%3D\" href=\"https:\/\/alziraballestero.com.br\/wp-content\/uploads\/2021\/03\/Enevoado-aquarela-folha-de-ouro-parafina-detalhe-15x15cm.jpg\"><figure class=\"swiper-slide-inner\"><img decoding=\"async\" class=\"swiper-slide-image\" src=\"https:\/\/alziraballestero.com.br\/wp-content\/uploads\/2021\/03\/Enevoado-aquarela-folha-de-ouro-parafina-detalhe-15x15cm-300x300.jpg\" alt=\"Aquarela folha de ouro parafina. Detalhe, 15x15cm\" \/><figcaption class=\"elementor-image-carousel-caption\">Aquarela folha de ouro parafina. Detalhe, 15x15cm<\/figcaption><\/figure><\/a><\/div><div class=\"swiper-slide\" role=\"group\" aria-roledescription=\"slide\" aria-label=\"2 de 5\"><a data-elementor-open-lightbox=\"yes\" data-elementor-lightbox-slideshow=\"c70a87f\" data-e-action-hash=\"#elementor-action%3Aaction%3Dlightbox%26settings%3DeyJpZCI6NTAzLCJ1cmwiOiJodHRwczpcL1wvYWx6aXJhYmFsbGVzdGVyby5jb20uYnJcL3dwLWNvbnRlbnRcL3VwbG9hZHNcLzIwMjFcLzAzXC9FbmV2b2FkYS1hcXVhcmVsYS1mb2xoYS1kZS1vdXJvLXBhcmFmaW5hLTE1eDExY20tMjAyMC5qcGciLCJzbGlkZXNob3ciOiJjNzBhODdmIn0%3D\" href=\"https:\/\/alziraballestero.com.br\/wp-content\/uploads\/2021\/03\/Enevoada-aquarela-folha-de-ouro-parafina-15x11cm-2020.jpg\"><figure class=\"swiper-slide-inner\"><img decoding=\"async\" class=\"swiper-slide-image\" src=\"https:\/\/alziraballestero.com.br\/wp-content\/uploads\/2021\/03\/Enevoada-aquarela-folha-de-ouro-parafina-15x11cm-2020-225x300.jpg\" alt=\"Aquarela, folha de ouro, parafina. 15x11cm\" \/><figcaption class=\"elementor-image-carousel-caption\">Aquarela, folha de ouro, parafina. 15x11cm <\/figcaption><\/figure><\/a><\/div><div class=\"swiper-slide\" role=\"group\" aria-roledescription=\"slide\" aria-label=\"3 de 5\"><a data-elementor-open-lightbox=\"yes\" data-elementor-lightbox-slideshow=\"c70a87f\" data-e-action-hash=\"#elementor-action%3Aaction%3Dlightbox%26settings%3DeyJpZCI6Njk2LCJ1cmwiOiJodHRwczpcL1wvYWx6aXJhYmFsbGVzdGVyby5jb20uYnJcL3dwLWNvbnRlbnRcL3VwbG9hZHNcLzIwMjFcLzAzXC9JTUdfNDc0MS5wbmciLCJzbGlkZXNob3ciOiJjNzBhODdmIn0%3D\" href=\"https:\/\/alziraballestero.com.br\/wp-content\/uploads\/2021\/03\/IMG_4741.png\"><figure class=\"swiper-slide-inner\"><img decoding=\"async\" class=\"swiper-slide-image\" src=\"https:\/\/alziraballestero.com.br\/wp-content\/uploads\/2021\/03\/IMG_4741-300x226.png\" alt=\"Aquarela,folha de ouro,parafina, tela13x18cm\" \/><figcaption class=\"elementor-image-carousel-caption\">Aquarela,folha de ouro,parafina, tela13x18cm <\/figcaption><\/figure><\/a><\/div><div class=\"swiper-slide\" role=\"group\" aria-roledescription=\"slide\" aria-label=\"4 de 5\"><a data-elementor-open-lightbox=\"yes\" data-elementor-lightbox-slideshow=\"c70a87f\" data-e-action-hash=\"#elementor-action%3Aaction%3Dlightbox%26settings%3DeyJpZCI6Njk3LCJ1cmwiOiJodHRwczpcL1wvYWx6aXJhYmFsbGVzdGVyby5jb20uYnJcL3dwLWNvbnRlbnRcL3VwbG9hZHNcLzIwMjFcLzAzXC9JTUdfNDc0Mi5wbmciLCJzbGlkZXNob3ciOiJjNzBhODdmIn0%3D\" href=\"https:\/\/alziraballestero.com.br\/wp-content\/uploads\/2021\/03\/IMG_4742.png\"><figure class=\"swiper-slide-inner\"><img decoding=\"async\" class=\"swiper-slide-image\" src=\"https:\/\/alziraballestero.com.br\/wp-content\/uploads\/2021\/03\/IMG_4742-300x223.png\" alt=\"Aquarela, folha de ouro, parafina, tela 18x24cm\" \/><figcaption class=\"elementor-image-carousel-caption\">Aquarela, folha de ouro, parafina, tela 18x24cm<\/figcaption><\/figure><\/a><\/div><div class=\"swiper-slide\" role=\"group\" aria-roledescription=\"slide\" aria-label=\"5 de 5\"><a data-elementor-open-lightbox=\"yes\" data-elementor-lightbox-slideshow=\"c70a87f\" data-e-action-hash=\"#elementor-action%3Aaction%3Dlightbox%26settings%3DeyJpZCI6Njk4LCJ1cmwiOiJodHRwczpcL1wvYWx6aXJhYmFsbGVzdGVyby5jb20uYnJcL3dwLWNvbnRlbnRcL3VwbG9hZHNcLzIwMjFcLzAzXC9JTUdfNDc0My5wbmciLCJzbGlkZXNob3ciOiJjNzBhODdmIn0%3D\" href=\"https:\/\/alziraballestero.com.br\/wp-content\/uploads\/2021\/03\/IMG_4743.png\"><figure class=\"swiper-slide-inner\"><img decoding=\"async\" class=\"swiper-slide-image\" src=\"https:\/\/alziraballestero.com.br\/wp-content\/uploads\/2021\/03\/IMG_4743-156x300.png\" alt=\"Aquarela, folha de ouro, linha e parafina 20x10cm.\" \/><figcaption class=\"elementor-image-carousel-caption\">Aquarela, folha de ouro, linha e parafina 20x10cm.<\/figcaption><\/figure><\/a><\/div>\t\t\t<\/div>\n\t\t\t\t\t\t\t\n\t\t\t\t\t\t\t\t\t<div class=\"swiper-pagination\"><\/div>\n\t\t\t\t\t\t\t\t\t<\/div>\n\t\t\t\t\t\t<\/div>\n\t\t\t\t<\/div>\n\t\t\t\t\t<\/div>\n\t\t<\/div>\n\t\t\t\t\t<\/div>\n\t\t<\/section>\n\t\t\t\t<div class=\"elementor-element elementor-element-ef0f82d elementor-widget elementor-widget-spacer\" data-id=\"ef0f82d\" data-element_type=\"widget\" data-e-type=\"widget\" data-widget_type=\"spacer.default\">\n\t\t\t\t<div class=\"elementor-widget-container\">\n\t\t\t\t\t\t\t<div class=\"elementor-spacer\">\n\t\t\t<div class=\"elementor-spacer-inner\"><\/div>\n\t\t<\/div>\n\t\t\t\t\t\t<\/div>\n\t\t\t\t<\/div>\n\t\t\t\t\t<\/div>\n\t\t<\/div>\n\t\t\t\t\t<\/div>\n\t\t<\/section>\n\t\t\t\t<section class=\"elementor-section elementor-top-section elementor-element elementor-element-84ca564 elementor-section-boxed elementor-section-height-default elementor-section-height-default\" data-id=\"84ca564\" data-element_type=\"section\" data-e-type=\"section\">\n\t\t\t\t\t\t<div class=\"elementor-container elementor-column-gap-default\">\n\t\t\t\t\t<div class=\"elementor-column elementor-col-100 elementor-top-column elementor-element elementor-element-283cab9\" data-id=\"283cab9\" data-element_type=\"column\" data-e-type=\"column\">\n\t\t\t<div class=\"elementor-widget-wrap elementor-element-populated\">\n\t\t\t\t\t\t<div class=\"elementor-element elementor-element-ca389be elementor-widget elementor-widget-spacer\" data-id=\"ca389be\" data-element_type=\"widget\" data-e-type=\"widget\" data-widget_type=\"spacer.default\">\n\t\t\t\t<div class=\"elementor-widget-container\">\n\t\t\t\t\t\t\t<div class=\"elementor-spacer\">\n\t\t\t<div class=\"elementor-spacer-inner\"><\/div>\n\t\t<\/div>\n\t\t\t\t\t\t<\/div>\n\t\t\t\t<\/div>\n\t\t\t\t\t<\/div>\n\t\t<\/div>\n\t\t\t\t\t<\/div>\n\t\t<\/section>\n\t\t\t\t<\/div>\n\t\t","protected":false},"excerpt":{"rendered":"<p>Enevoados, 2020 &#8211; 2021 A paisagem sempre est\u00e1 contida na minha produ\u00e7\u00e3o art\u00edstica.Tudo leva a ela, at\u00e9 mesmo os retratos que s\u00e3o de seus habitantes.\u00c0s vezes real, \u00e0s vezes imagin\u00e1ria; ora aparece expl\u00edcita, ora velada.Enevoados tamb\u00e9m s\u00e3o paisagens. Aquarela, folha de ouro, linha, parafina. 5,5cm di\u00e2metro Aquarela, folha de ouro, linha, parafina. 5,5cm di\u00e2metro Aquarela,&hellip;&nbsp;<a href=\"https:\/\/alziraballestero.com.br\/index.php\/enevoados\/\" rel=\"bookmark\">Continue a ler &raquo;<span class=\"screen-reader-text\">\u2014 Enevoados<\/span><\/a><\/p>\n","protected":false},"author":1,"featured_media":0,"parent":0,"menu_order":0,"comment_status":"closed","ping_status":"closed","template":"elementor_header_footer","meta":{"neve_meta_sidebar":"full-width","neve_meta_container":"","neve_meta_enable_content_width":"on","neve_meta_content_width":100,"neve_meta_title_alignment":"","neve_meta_author_avatar":"","neve_post_elements_order":"","neve_meta_disable_header":"","neve_meta_disable_footer":"","neve_meta_disable_title":"","footnotes":""},"class_list":["post-197","page","type-page","status-publish","hentry"],"_links":{"self":[{"href":"https:\/\/alziraballestero.com.br\/index.php\/wp-json\/wp\/v2\/pages\/197","targetHints":{"allow":["GET"]}}],"collection":[{"href":"https:\/\/alziraballestero.com.br\/index.php\/wp-json\/wp\/v2\/pages"}],"about":[{"href":"https:\/\/alziraballestero.com.br\/index.php\/wp-json\/wp\/v2\/types\/page"}],"author":[{"embeddable":true,"href":"https:\/\/alziraballestero.com.br\/index.php\/wp-json\/wp\/v2\/users\/1"}],"replies":[{"embeddable":true,"href":"https:\/\/alziraballestero.com.br\/index.php\/wp-json\/wp\/v2\/comments?post=197"}],"version-history":[{"count":41,"href":"https:\/\/alziraballestero.com.br\/index.php\/wp-json\/wp\/v2\/pages\/197\/revisions"}],"predecessor-version":[{"id":944,"href":"https:\/\/alziraballestero.com.br\/index.php\/wp-json\/wp\/v2\/pages\/197\/revisions\/944"}],"wp:attachment":[{"href":"https:\/\/alziraballestero.com.br\/index.php\/wp-json\/wp\/v2\/media?parent=197"}],"curies":[{"name":"wp","href":"https:\/\/api.w.org\/{rel}","templated":true}]}}