{"id":588,"date":"2021-03-07T21:47:04","date_gmt":"2021-03-08T00:47:04","guid":{"rendered":"http:\/\/alziraballestero.com.br\/?page_id=588"},"modified":"2021-05-06T17:48:33","modified_gmt":"2021-05-06T20:48:33","slug":"linha-do-horizonte","status":"publish","type":"page","link":"https:\/\/alziraballestero.com.br\/index.php\/linha-do-horizonte\/","title":{"rendered":"\u2014 Linha do Horizonte"},"content":{"rendered":"\t\t<div data-elementor-type=\"wp-page\" data-elementor-id=\"588\" class=\"elementor elementor-588\">\n\t\t\t\t\t\t<section class=\"elementor-section elementor-top-section elementor-element elementor-element-61e1d676 elementor-section-full_width elementor-section-height-default elementor-section-height-default\" data-id=\"61e1d676\" data-element_type=\"section\" data-e-type=\"section\">\n\t\t\t\t\t\t<div class=\"elementor-container elementor-column-gap-default\">\n\t\t\t\t\t<div class=\"elementor-column elementor-col-33 elementor-top-column elementor-element elementor-element-5b313f7 elementor-hidden-tablet elementor-hidden-phone\" data-id=\"5b313f7\" data-element_type=\"column\" data-e-type=\"column\">\n\t\t\t<div class=\"elementor-widget-wrap elementor-element-populated\">\n\t\t\t\t\t\t<div class=\"elementor-element elementor-element-11279edb elementor-widget elementor-widget-sidebar\" data-id=\"11279edb\" data-element_type=\"widget\" data-e-type=\"widget\" data-widget_type=\"sidebar.default\">\n\t\t\t\t<div class=\"elementor-widget-container\">\n\t\t\t\t\t<div id=\"nav_menu-5\" class=\"widget widget_nav_menu\"><div class=\"menu-menu-primario-container\"><ul id=\"menu-menu-primario\" class=\"menu\"><li id=\"menu-item-369\" class=\"menu-item menu-item-type-post_type menu-item-object-page menu-item-369\"><a href=\"https:\/\/alziraballestero.com.br\/index.php\/portfolio\/\">Portf\u00f3lio<\/a><\/li>\n<li id=\"menu-item-370\" class=\"menu-item menu-item-type-post_type menu-item-object-page menu-item-370\"><a href=\"https:\/\/alziraballestero.com.br\/index.php\/sobre\/\">Sobre<\/a><\/li>\n<li id=\"menu-item-924\" class=\"menu-item menu-item-type-post_type menu-item-object-page menu-item-924\"><a href=\"https:\/\/alziraballestero.com.br\/index.php\/curriculo\/\">Curr\u00edculo<\/a><\/li>\n<li id=\"menu-item-371\" class=\"menu-item menu-item-type-post_type menu-item-object-page menu-item-371\"><a href=\"https:\/\/alziraballestero.com.br\/index.php\/contato\/\">Contato<\/a><\/li>\n<\/ul><\/div><\/div>\t\t\t\t<\/div>\n\t\t\t\t<\/div>\n\t\t\t\t\t<\/div>\n\t\t<\/div>\n\t\t\t\t<div class=\"elementor-column elementor-col-66 elementor-top-column elementor-element elementor-element-56dcc2c\" data-id=\"56dcc2c\" data-element_type=\"column\" data-e-type=\"column\">\n\t\t\t<div class=\"elementor-widget-wrap elementor-element-populated\">\n\t\t\t\t\t\t<section class=\"elementor-section elementor-inner-section elementor-element elementor-element-060edf4 elementor-section-boxed elementor-section-height-default elementor-section-height-default\" data-id=\"060edf4\" data-element_type=\"section\" data-e-type=\"section\">\n\t\t\t\t\t\t<div class=\"elementor-container elementor-column-gap-default\">\n\t\t\t\t\t<div class=\"elementor-column elementor-col-33 elementor-inner-column elementor-element elementor-element-19afdf9\" data-id=\"19afdf9\" data-element_type=\"column\" data-e-type=\"column\">\n\t\t\t<div class=\"elementor-widget-wrap\">\n\t\t\t\t\t\t\t<\/div>\n\t\t<\/div>\n\t\t\t\t<div class=\"elementor-column elementor-col-33 elementor-inner-column elementor-element elementor-element-807a1e8\" data-id=\"807a1e8\" data-element_type=\"column\" data-e-type=\"column\">\n\t\t\t<div class=\"elementor-widget-wrap elementor-element-populated\">\n\t\t\t\t\t\t<div class=\"elementor-element elementor-element-5319b4c elementor-pagination-position-outside elementor-widget elementor-widget-image-carousel\" data-id=\"5319b4c\" data-element_type=\"widget\" data-e-type=\"widget\" data-settings=\"{&quot;slides_to_show&quot;:&quot;1&quot;,&quot;navigation&quot;:&quot;dots&quot;,&quot;autoplay&quot;:&quot;no&quot;,&quot;infinite&quot;:&quot;yes&quot;,&quot;effect&quot;:&quot;slide&quot;,&quot;speed&quot;:500}\" data-widget_type=\"image-carousel.default\">\n\t\t\t\t<div class=\"elementor-widget-container\">\n\t\t\t\t\t\t\t<div class=\"elementor-image-carousel-wrapper swiper\" role=\"region\" aria-roledescription=\"carousel\" aria-label=\"Carrossel de imagens\" dir=\"ltr\">\n\t\t\t<div class=\"elementor-image-carousel swiper-wrapper\" aria-live=\"polite\">\n\t\t\t\t\t\t\t\t<div class=\"swiper-slide\" role=\"group\" aria-roledescription=\"slide\" aria-label=\"1 de 3\"><figure class=\"swiper-slide-inner\"><img decoding=\"async\" class=\"swiper-slide-image\" src=\"https:\/\/alziraballestero.com.br\/wp-content\/uploads\/2021\/03\/LH_01.jpg\" alt=\"LH_01\" \/><\/figure><\/div><div class=\"swiper-slide\" role=\"group\" aria-roledescription=\"slide\" aria-label=\"2 de 3\"><figure class=\"swiper-slide-inner\"><img decoding=\"async\" class=\"swiper-slide-image\" src=\"https:\/\/alziraballestero.com.br\/wp-content\/uploads\/2021\/03\/LH_02-impressao-mineral-s-papel-hahnemuhle-30x40cm-cada.jpg\" alt=\"LH_02 impress\u00e3o mineral s papel hahnem\u00fchle 30x40cm cada\" \/><\/figure><\/div><div class=\"swiper-slide\" role=\"group\" aria-roledescription=\"slide\" aria-label=\"3 de 3\"><figure class=\"swiper-slide-inner\"><img decoding=\"async\" class=\"swiper-slide-image\" src=\"https:\/\/alziraballestero.com.br\/wp-content\/uploads\/2021\/03\/LH_03-detalhe.jpg\" alt=\"LH_03, detalhe\" \/><\/figure><\/div>\t\t\t<\/div>\n\t\t\t\t\t\t\t\n\t\t\t\t\t\t\t\t\t<div class=\"swiper-pagination\"><\/div>\n\t\t\t\t\t\t\t\t\t<\/div>\n\t\t\t\t\t\t<\/div>\n\t\t\t\t<\/div>\n\t\t\t\t\t<\/div>\n\t\t<\/div>\n\t\t\t\t<div class=\"elementor-column elementor-col-33 elementor-inner-column elementor-element elementor-element-99103e5\" data-id=\"99103e5\" data-element_type=\"column\" data-e-type=\"column\">\n\t\t\t<div class=\"elementor-widget-wrap\">\n\t\t\t\t\t\t\t<\/div>\n\t\t<\/div>\n\t\t\t\t\t<\/div>\n\t\t<\/section>\n\t\t\t\t<section class=\"elementor-section elementor-inner-section elementor-element elementor-element-d3ae9da elementor-section-boxed elementor-section-height-default elementor-section-height-default\" data-id=\"d3ae9da\" data-element_type=\"section\" data-e-type=\"section\">\n\t\t\t\t\t\t<div class=\"elementor-container elementor-column-gap-default\">\n\t\t\t\t\t<div class=\"elementor-column elementor-col-33 elementor-inner-column elementor-element elementor-element-b9743f7 elementor-hidden-tablet elementor-hidden-phone\" data-id=\"b9743f7\" data-element_type=\"column\" data-e-type=\"column\">\n\t\t\t<div class=\"elementor-widget-wrap\">\n\t\t\t\t\t\t\t<\/div>\n\t\t<\/div>\n\t\t\t\t<div class=\"elementor-column elementor-col-33 elementor-inner-column elementor-element elementor-element-e66e3d5\" data-id=\"e66e3d5\" data-element_type=\"column\" data-e-type=\"column\">\n\t\t\t<div class=\"elementor-widget-wrap elementor-element-populated\">\n\t\t\t\t\t\t<div class=\"elementor-element elementor-element-eef9ac1 elementor-widget elementor-widget-text-editor\" data-id=\"eef9ac1\" data-element_type=\"widget\" data-e-type=\"widget\" data-widget_type=\"text-editor.default\">\n\t\t\t\t<div class=\"elementor-widget-container\">\n\t\t\t\t\t\t\t\t\t<p><strong>Linha do Horizonte<br \/><\/strong>Impress\u00e3o mineral sobre papel hahnem\u00fchle, 30x40cm cada.<\/p><p>Exposi\u00e7\u00e3o<br \/>2020. <em><a href=\"https:\/\/issuu.com\/patriciarebello0\/docs\/expo_remetimentos_-_pinacoteca_de_piracicaba_2020\">Remetimentos<\/a><\/em><\/p>\t\t\t\t\t\t\t\t<\/div>\n\t\t\t\t<\/div>\n\t\t\t\t\t<\/div>\n\t\t<\/div>\n\t\t\t\t<div class=\"elementor-column elementor-col-33 elementor-inner-column elementor-element elementor-element-02ba5fc\" data-id=\"02ba5fc\" data-element_type=\"column\" data-e-type=\"column\">\n\t\t\t<div class=\"elementor-widget-wrap\">\n\t\t\t\t\t\t\t<\/div>\n\t\t<\/div>\n\t\t\t\t\t<\/div>\n\t\t<\/section>\n\t\t\t\t<div class=\"elementor-element elementor-element-17cb2ca elementor-widget elementor-widget-spacer\" data-id=\"17cb2ca\" data-element_type=\"widget\" data-e-type=\"widget\" data-widget_type=\"spacer.default\">\n\t\t\t\t<div class=\"elementor-widget-container\">\n\t\t\t\t\t\t\t<div class=\"elementor-spacer\">\n\t\t\t<div class=\"elementor-spacer-inner\"><\/div>\n\t\t<\/div>\n\t\t\t\t\t\t<\/div>\n\t\t\t\t<\/div>\n\t\t\t\t\t<\/div>\n\t\t<\/div>\n\t\t\t\t\t<\/div>\n\t\t<\/section>\n\t\t\t\t<\/div>\n\t\t","protected":false},"excerpt":{"rendered":"<p>Linha do HorizonteImpress\u00e3o mineral sobre papel hahnem\u00fchle, 30x40cm cada. Exposi\u00e7\u00e3o2020. Remetimentos<\/p>\n","protected":false},"author":1,"featured_media":0,"parent":0,"menu_order":0,"comment_status":"closed","ping_status":"closed","template":"elementor_header_footer","meta":{"neve_meta_sidebar":"full-width","neve_meta_container":"","neve_meta_enable_content_width":"on","neve_meta_content_width":100,"neve_meta_title_alignment":"","neve_meta_author_avatar":"","neve_post_elements_order":"","neve_meta_disable_header":"","neve_meta_disable_footer":"","neve_meta_disable_title":"","footnotes":""},"class_list":["post-588","page","type-page","status-publish","hentry"],"_links":{"self":[{"href":"https:\/\/alziraballestero.com.br\/index.php\/wp-json\/wp\/v2\/pages\/588","targetHints":{"allow":["GET"]}}],"collection":[{"href":"https:\/\/alziraballestero.com.br\/index.php\/wp-json\/wp\/v2\/pages"}],"about":[{"href":"https:\/\/alziraballestero.com.br\/index.php\/wp-json\/wp\/v2\/types\/page"}],"author":[{"embeddable":true,"href":"https:\/\/alziraballestero.com.br\/index.php\/wp-json\/wp\/v2\/users\/1"}],"replies":[{"embeddable":true,"href":"https:\/\/alziraballestero.com.br\/index.php\/wp-json\/wp\/v2\/comments?post=588"}],"version-history":[{"count":13,"href":"https:\/\/alziraballestero.com.br\/index.php\/wp-json\/wp\/v2\/pages\/588\/revisions"}],"predecessor-version":[{"id":947,"href":"https:\/\/alziraballestero.com.br\/index.php\/wp-json\/wp\/v2\/pages\/588\/revisions\/947"}],"wp:attachment":[{"href":"https:\/\/alziraballestero.com.br\/index.php\/wp-json\/wp\/v2\/media?parent=588"}],"curies":[{"name":"wp","href":"https:\/\/api.w.org\/{rel}","templated":true}]}}