{"id":606,"date":"2021-03-07T21:53:45","date_gmt":"2021-03-08T00:53:45","guid":{"rendered":"http:\/\/alziraballestero.com.br\/?page_id=606"},"modified":"2021-05-05T10:56:12","modified_gmt":"2021-05-05T13:56:12","slug":"bordado","status":"publish","type":"page","link":"https:\/\/alziraballestero.com.br\/index.php\/bordado\/","title":{"rendered":"\u2014 Bordado"},"content":{"rendered":"\t\t<div data-elementor-type=\"wp-page\" data-elementor-id=\"606\" class=\"elementor elementor-606\">\n\t\t\t\t\t\t<section class=\"elementor-section elementor-top-section elementor-element elementor-element-3da8b853 elementor-section-full_width elementor-section-height-default elementor-section-height-default\" data-id=\"3da8b853\" data-element_type=\"section\" data-e-type=\"section\">\n\t\t\t\t\t\t<div class=\"elementor-container elementor-column-gap-default\">\n\t\t\t\t\t<div class=\"elementor-column elementor-col-33 elementor-top-column elementor-element elementor-element-78c9c9ca elementor-hidden-tablet elementor-hidden-phone\" data-id=\"78c9c9ca\" data-element_type=\"column\" data-e-type=\"column\">\n\t\t\t<div class=\"elementor-widget-wrap elementor-element-populated\">\n\t\t\t\t\t\t<div class=\"elementor-element elementor-element-38ca017a elementor-widget elementor-widget-sidebar\" data-id=\"38ca017a\" data-element_type=\"widget\" data-e-type=\"widget\" data-widget_type=\"sidebar.default\">\n\t\t\t\t<div class=\"elementor-widget-container\">\n\t\t\t\t\t<div id=\"nav_menu-5\" class=\"widget widget_nav_menu\"><div class=\"menu-menu-primario-container\"><ul id=\"menu-menu-primario\" class=\"menu\"><li id=\"menu-item-369\" class=\"menu-item menu-item-type-post_type menu-item-object-page menu-item-369\"><a href=\"https:\/\/alziraballestero.com.br\/index.php\/portfolio\/\">Portf\u00f3lio<\/a><\/li>\n<li id=\"menu-item-370\" class=\"menu-item menu-item-type-post_type menu-item-object-page menu-item-370\"><a href=\"https:\/\/alziraballestero.com.br\/index.php\/sobre\/\">Sobre<\/a><\/li>\n<li id=\"menu-item-924\" class=\"menu-item menu-item-type-post_type menu-item-object-page menu-item-924\"><a href=\"https:\/\/alziraballestero.com.br\/index.php\/curriculo\/\">Curr\u00edculo<\/a><\/li>\n<li id=\"menu-item-371\" class=\"menu-item menu-item-type-post_type menu-item-object-page menu-item-371\"><a href=\"https:\/\/alziraballestero.com.br\/index.php\/contato\/\">Contato<\/a><\/li>\n<\/ul><\/div><\/div>\t\t\t\t<\/div>\n\t\t\t\t<\/div>\n\t\t\t\t\t<\/div>\n\t\t<\/div>\n\t\t\t\t<div class=\"elementor-column elementor-col-66 elementor-top-column elementor-element elementor-element-6dc54d55\" data-id=\"6dc54d55\" data-element_type=\"column\" data-e-type=\"column\">\n\t\t\t<div class=\"elementor-widget-wrap elementor-element-populated\">\n\t\t\t\t\t\t<div class=\"elementor-element elementor-element-b97527e elementor-widget elementor-widget-text-editor\" data-id=\"b97527e\" data-element_type=\"widget\" data-e-type=\"widget\" data-widget_type=\"text-editor.default\">\n\t\t\t\t<div class=\"elementor-widget-container\">\n\t\t\t\t\t\t\t\t\t<p><strong>Desenho bordado ou Bordado desenhado<\/strong><\/p>\t\t\t\t\t\t\t\t<\/div>\n\t\t\t\t<\/div>\n\t\t\t\t<section class=\"elementor-section elementor-inner-section elementor-element elementor-element-edf6d8d elementor-section-boxed elementor-section-height-default elementor-section-height-default\" data-id=\"edf6d8d\" data-element_type=\"section\" data-e-type=\"section\">\n\t\t\t\t\t\t<div class=\"elementor-container elementor-column-gap-default\">\n\t\t\t\t\t<div class=\"elementor-column elementor-col-33 elementor-inner-column elementor-element elementor-element-4783b73\" data-id=\"4783b73\" data-element_type=\"column\" data-e-type=\"column\">\n\t\t\t<div class=\"elementor-widget-wrap elementor-element-populated\">\n\t\t\t\t\t\t<div class=\"elementor-element elementor-element-22dcff6 elementor-widget elementor-widget-image\" data-id=\"22dcff6\" data-element_type=\"widget\" data-e-type=\"widget\" data-widget_type=\"image.default\">\n\t\t\t\t<div class=\"elementor-widget-container\">\n\t\t\t\t\t\t\t\t\t\t\t\t<figure class=\"wp-caption\">\n\t\t\t\t\t\t\t\t\t\t<img fetchpriority=\"high\" decoding=\"async\" width=\"810\" height=\"1080\" src=\"https:\/\/alziraballestero.com.br\/wp-content\/uploads\/2021\/03\/Desenho-bordado-sobre-tecido-de-algodao-manchado-20x14cm.jpg\" class=\"attachment-full size-full wp-image-620\" alt=\"\" srcset=\"https:\/\/alziraballestero.com.br\/wp-content\/uploads\/2021\/03\/Desenho-bordado-sobre-tecido-de-algodao-manchado-20x14cm.jpg 810w, https:\/\/alziraballestero.com.br\/wp-content\/uploads\/2021\/03\/Desenho-bordado-sobre-tecido-de-algodao-manchado-20x14cm-225x300.jpg 225w, https:\/\/alziraballestero.com.br\/wp-content\/uploads\/2021\/03\/Desenho-bordado-sobre-tecido-de-algodao-manchado-20x14cm-768x1024.jpg 768w\" sizes=\"(max-width: 810px) 100vw, 810px\" \/>\t\t\t\t\t\t\t\t\t\t\t<figcaption class=\"widget-image-caption wp-caption-text\">Desenho bordado sobre tecido de algod\u00e3o manchado, 20x14cm<\/figcaption>\n\t\t\t\t\t\t\t\t\t\t<\/figure>\n\t\t\t\t\t\t\t\t\t<\/div>\n\t\t\t\t<\/div>\n\t\t\t\t\t<\/div>\n\t\t<\/div>\n\t\t\t\t<div class=\"elementor-column elementor-col-33 elementor-inner-column elementor-element elementor-element-36302ab\" data-id=\"36302ab\" data-element_type=\"column\" data-e-type=\"column\">\n\t\t\t<div class=\"elementor-widget-wrap elementor-element-populated\">\n\t\t\t\t\t\t<div class=\"elementor-element elementor-element-0d11798 elementor-widget elementor-widget-image\" data-id=\"0d11798\" data-element_type=\"widget\" data-e-type=\"widget\" data-widget_type=\"image.default\">\n\t\t\t\t<div class=\"elementor-widget-container\">\n\t\t\t\t\t\t\t\t\t\t\t\t<figure class=\"wp-caption\">\n\t\t\t\t\t\t\t\t\t\t<img decoding=\"async\" width=\"750\" height=\"1709\" src=\"https:\/\/alziraballestero.com.br\/wp-content\/uploads\/2021\/03\/8D800419-1B1F-45E4-A5D2-D074DBC5427E.jpeg\" class=\"attachment-full size-full wp-image-807\" alt=\"\" srcset=\"https:\/\/alziraballestero.com.br\/wp-content\/uploads\/2021\/03\/8D800419-1B1F-45E4-A5D2-D074DBC5427E.jpeg 750w, https:\/\/alziraballestero.com.br\/wp-content\/uploads\/2021\/03\/8D800419-1B1F-45E4-A5D2-D074DBC5427E-132x300.jpeg 132w, https:\/\/alziraballestero.com.br\/wp-content\/uploads\/2021\/03\/8D800419-1B1F-45E4-A5D2-D074DBC5427E-449x1024.jpeg 449w, https:\/\/alziraballestero.com.br\/wp-content\/uploads\/2021\/03\/8D800419-1B1F-45E4-A5D2-D074DBC5427E-674x1536.jpeg 674w\" sizes=\"(max-width: 750px) 100vw, 750px\" \/>\t\t\t\t\t\t\t\t\t\t\t<figcaption class=\"widget-image-caption wp-caption-text\">Desenho bordado sobre tecido de algod\u00e3o, 21x08cm<\/figcaption>\n\t\t\t\t\t\t\t\t\t\t<\/figure>\n\t\t\t\t\t\t\t\t\t<\/div>\n\t\t\t\t<\/div>\n\t\t\t\t\t<\/div>\n\t\t<\/div>\n\t\t\t\t<div class=\"elementor-column elementor-col-33 elementor-inner-column elementor-element elementor-element-1096331\" data-id=\"1096331\" data-element_type=\"column\" data-e-type=\"column\">\n\t\t\t<div class=\"elementor-widget-wrap elementor-element-populated\">\n\t\t\t\t\t\t<div class=\"elementor-element elementor-element-9b4c640 elementor-widget elementor-widget-image\" data-id=\"9b4c640\" data-element_type=\"widget\" data-e-type=\"widget\" data-widget_type=\"image.default\">\n\t\t\t\t<div class=\"elementor-widget-container\">\n\t\t\t\t\t\t\t\t\t\t\t\t<figure class=\"wp-caption\">\n\t\t\t\t\t\t\t\t\t\t<img decoding=\"async\" width=\"916\" height=\"1350\" src=\"https:\/\/alziraballestero.com.br\/wp-content\/uploads\/2021\/03\/4532BD13-112C-4A68-A847-7C30C339568E.jpeg\" class=\"attachment-full size-full wp-image-808\" alt=\"\" srcset=\"https:\/\/alziraballestero.com.br\/wp-content\/uploads\/2021\/03\/4532BD13-112C-4A68-A847-7C30C339568E.jpeg 916w, https:\/\/alziraballestero.com.br\/wp-content\/uploads\/2021\/03\/4532BD13-112C-4A68-A847-7C30C339568E-204x300.jpeg 204w, https:\/\/alziraballestero.com.br\/wp-content\/uploads\/2021\/03\/4532BD13-112C-4A68-A847-7C30C339568E-695x1024.jpeg 695w, https:\/\/alziraballestero.com.br\/wp-content\/uploads\/2021\/03\/4532BD13-112C-4A68-A847-7C30C339568E-768x1132.jpeg 768w\" sizes=\"(max-width: 916px) 100vw, 916px\" \/>\t\t\t\t\t\t\t\t\t\t\t<figcaption class=\"widget-image-caption wp-caption-text\">Desenho bordado sobre tecido de algod\u00e3o, 16x10cm<\/figcaption>\n\t\t\t\t\t\t\t\t\t\t<\/figure>\n\t\t\t\t\t\t\t\t\t<\/div>\n\t\t\t\t<\/div>\n\t\t\t\t\t<\/div>\n\t\t<\/div>\n\t\t\t\t\t<\/div>\n\t\t<\/section>\n\t\t\t\t<section class=\"elementor-section elementor-inner-section elementor-element elementor-element-4b495fc elementor-section-boxed elementor-section-height-default elementor-section-height-default\" data-id=\"4b495fc\" data-element_type=\"section\" data-e-type=\"section\">\n\t\t\t\t\t\t<div class=\"elementor-container elementor-column-gap-default\">\n\t\t\t\t\t<div class=\"elementor-column elementor-col-100 elementor-inner-column elementor-element elementor-element-6b9d1a1\" data-id=\"6b9d1a1\" data-element_type=\"column\" data-e-type=\"column\">\n\t\t\t<div class=\"elementor-widget-wrap elementor-element-populated\">\n\t\t\t\t\t\t<div class=\"elementor-element elementor-element-e04bbbd elementor-widget elementor-widget-spacer\" data-id=\"e04bbbd\" data-element_type=\"widget\" data-e-type=\"widget\" data-widget_type=\"spacer.default\">\n\t\t\t\t<div class=\"elementor-widget-container\">\n\t\t\t\t\t\t\t<div class=\"elementor-spacer\">\n\t\t\t<div class=\"elementor-spacer-inner\"><\/div>\n\t\t<\/div>\n\t\t\t\t\t\t<\/div>\n\t\t\t\t<\/div>\n\t\t\t\t\t<\/div>\n\t\t<\/div>\n\t\t\t\t\t<\/div>\n\t\t<\/section>\n\t\t\t\t\t<\/div>\n\t\t<\/div>\n\t\t\t\t\t<\/div>\n\t\t<\/section>\n\t\t\t\t<\/div>\n\t\t","protected":false},"excerpt":{"rendered":"<p>Desenho bordado ou Bordado desenhado Desenho bordado sobre tecido de algod\u00e3o manchado, 20x14cm Desenho bordado sobre tecido de algod\u00e3o, 21x08cm Desenho bordado sobre tecido de algod\u00e3o, 16x10cm<\/p>\n","protected":false},"author":1,"featured_media":0,"parent":0,"menu_order":0,"comment_status":"closed","ping_status":"closed","template":"elementor_header_footer","meta":{"neve_meta_sidebar":"full-width","neve_meta_container":"","neve_meta_enable_content_width":"on","neve_meta_content_width":100,"neve_meta_title_alignment":"","neve_meta_author_avatar":"","neve_post_elements_order":"","neve_meta_disable_header":"","neve_meta_disable_footer":"","neve_meta_disable_title":"","footnotes":""},"class_list":["post-606","page","type-page","status-publish","hentry"],"_links":{"self":[{"href":"https:\/\/alziraballestero.com.br\/index.php\/wp-json\/wp\/v2\/pages\/606","targetHints":{"allow":["GET"]}}],"collection":[{"href":"https:\/\/alziraballestero.com.br\/index.php\/wp-json\/wp\/v2\/pages"}],"about":[{"href":"https:\/\/alziraballestero.com.br\/index.php\/wp-json\/wp\/v2\/types\/page"}],"author":[{"embeddable":true,"href":"https:\/\/alziraballestero.com.br\/index.php\/wp-json\/wp\/v2\/users\/1"}],"replies":[{"embeddable":true,"href":"https:\/\/alziraballestero.com.br\/index.php\/wp-json\/wp\/v2\/comments?post=606"}],"version-history":[{"count":31,"href":"https:\/\/alziraballestero.com.br\/index.php\/wp-json\/wp\/v2\/pages\/606\/revisions"}],"predecessor-version":[{"id":935,"href":"https:\/\/alziraballestero.com.br\/index.php\/wp-json\/wp\/v2\/pages\/606\/revisions\/935"}],"wp:attachment":[{"href":"https:\/\/alziraballestero.com.br\/index.php\/wp-json\/wp\/v2\/media?parent=606"}],"curies":[{"name":"wp","href":"https:\/\/api.w.org\/{rel}","templated":true}]}}