{"id":916,"date":"2021-05-05T10:33:01","date_gmt":"2021-05-05T13:33:01","guid":{"rendered":"https:\/\/alziraballestero.com.br\/?page_id=916"},"modified":"2022-08-16T11:53:47","modified_gmt":"2022-08-16T14:53:47","slug":"curriculo","status":"publish","type":"page","link":"https:\/\/alziraballestero.com.br\/index.php\/curriculo\/","title":{"rendered":"Curr\u00edculo"},"content":{"rendered":"\t\t<div data-elementor-type=\"wp-page\" data-elementor-id=\"916\" class=\"elementor elementor-916\">\n\t\t\t\t\t\t<section class=\"elementor-section elementor-top-section elementor-element elementor-element-1c4e1058 elementor-section-full_width elementor-section-height-default elementor-section-height-default\" data-id=\"1c4e1058\" data-element_type=\"section\" data-e-type=\"section\">\n\t\t\t\t\t\t<div class=\"elementor-container elementor-column-gap-default\">\n\t\t\t\t\t<div class=\"elementor-column elementor-col-33 elementor-top-column elementor-element elementor-element-523ac92d elementor-hidden-tablet elementor-hidden-phone\" data-id=\"523ac92d\" data-element_type=\"column\" data-e-type=\"column\">\n\t\t\t<div class=\"elementor-widget-wrap elementor-element-populated\">\n\t\t\t\t\t\t<div class=\"elementor-element elementor-element-4627d272 elementor-widget elementor-widget-sidebar\" data-id=\"4627d272\" data-element_type=\"widget\" data-e-type=\"widget\" data-widget_type=\"sidebar.default\">\n\t\t\t\t<div class=\"elementor-widget-container\">\n\t\t\t\t\t<div id=\"nav_menu-5\" class=\"widget widget_nav_menu\"><div class=\"menu-menu-primario-container\"><ul id=\"menu-menu-primario\" class=\"menu\"><li id=\"menu-item-369\" class=\"menu-item menu-item-type-post_type menu-item-object-page menu-item-369\"><a href=\"https:\/\/alziraballestero.com.br\/index.php\/portfolio\/\">Portf\u00f3lio<\/a><\/li>\n<li id=\"menu-item-370\" class=\"menu-item menu-item-type-post_type menu-item-object-page menu-item-370\"><a href=\"https:\/\/alziraballestero.com.br\/index.php\/sobre\/\">Sobre<\/a><\/li>\n<li id=\"menu-item-924\" class=\"menu-item menu-item-type-post_type menu-item-object-page menu-item-924\"><a href=\"https:\/\/alziraballestero.com.br\/index.php\/curriculo\/\">Curr\u00edculo<\/a><\/li>\n<li id=\"menu-item-371\" class=\"menu-item menu-item-type-post_type menu-item-object-page menu-item-371\"><a href=\"https:\/\/alziraballestero.com.br\/index.php\/contato\/\">Contato<\/a><\/li>\n<\/ul><\/div><\/div>\t\t\t\t<\/div>\n\t\t\t\t<\/div>\n\t\t\t\t\t<\/div>\n\t\t<\/div>\n\t\t\t\t<div class=\"elementor-column elementor-col-66 elementor-top-column elementor-element elementor-element-1d8a1abb\" data-id=\"1d8a1abb\" data-element_type=\"column\" data-e-type=\"column\">\n\t\t\t<div class=\"elementor-widget-wrap elementor-element-populated\">\n\t\t\t\t\t\t<section class=\"elementor-section elementor-inner-section elementor-element elementor-element-2dd3385 elementor-section-boxed elementor-section-height-default elementor-section-height-default\" data-id=\"2dd3385\" data-element_type=\"section\" data-e-type=\"section\">\n\t\t\t\t\t\t<div class=\"elementor-container elementor-column-gap-default\">\n\t\t\t\t\t<div class=\"elementor-column elementor-col-100 elementor-inner-column elementor-element elementor-element-a272319\" data-id=\"a272319\" data-element_type=\"column\" data-e-type=\"column\">\n\t\t\t<div class=\"elementor-widget-wrap elementor-element-populated\">\n\t\t\t\t\t\t<div class=\"elementor-element elementor-element-21846b1 elementor-widget elementor-widget-text-editor\" data-id=\"21846b1\" data-element_type=\"widget\" data-e-type=\"widget\" data-widget_type=\"text-editor.default\">\n\t\t\t\t<div class=\"elementor-widget-container\">\n\t\t\t\t\t\t\t\t\t<p><b><span style=\"vertical-align: inherit;\"><span style=\"vertical-align: inherit;\"><span style=\"vertical-align: inherit;\"><span style=\"vertical-align: inherit;\"><span style=\"vertical-align: inherit;\"><span style=\"vertical-align: inherit;\">Alzira Ballestero<\/span><\/span><\/span><\/span><\/span><\/span><\/b><br \/><span style=\"vertical-align: inherit;\"><span style=\"vertical-align: inherit;\"><span style=\"vertical-align: inherit;\"><span style=\"vertical-align: inherit;\"><span style=\"vertical-align: inherit;\"><span style=\"vertical-align: inherit;\"> Artista visual, vive e trabalha em Piracicaba (SP) Brasil<\/span><\/span><\/span><\/span><\/span><\/span><\/p><p><b><span style=\"vertical-align: inherit;\"><span style=\"vertical-align: inherit;\"><span style=\"vertical-align: inherit;\"><span style=\"vertical-align: inherit;\"><span style=\"vertical-align: inherit;\"><span style=\"vertical-align: inherit;\">Forma\u00e7\u00e3o<\/span><\/span><\/span><\/span><\/span><\/span><br \/><\/b><span style=\"vertical-align: inherit;\"><span style=\"vertical-align: inherit;\"><span style=\"vertical-align: inherit;\"><span style=\"vertical-align: inherit;\"><span style=\"vertical-align: inherit;\"><span style=\"vertical-align: inherit;\"> Especializa\u00e7\u00e3o em Artes Visuais &#8211; UNICAMP &#8211; 2010<\/span><\/span><\/span><\/span><\/span><\/span><\/p><p><b><span style=\"vertical-align: inherit;\"><span style=\"vertical-align: inherit;\"><span style=\"vertical-align: inherit;\"><span style=\"vertical-align: inherit;\"><span style=\"vertical-align: inherit;\"><span style=\"vertical-align: inherit;\">Grupo de estudos \/ coletivos<\/span><\/span><\/span><\/span><\/span><\/span><br \/><\/b><span style=\"vertical-align: inherit;\"><span style=\"vertical-align: inherit;\"><span style=\"vertical-align: inherit;\"><span style=\"vertical-align: inherit;\"><span style=\"vertical-align: inherit;\"><span style=\"vertical-align: inherit;\"> 2017\/2021 &#8211; Acompanhamento em Projetos em Artes Visuais &#8211; Sylvia Furegatti &#8211; Campinas (SP) <\/span><\/span><\/span><\/span><\/span><\/span><br \/><span style=\"vertical-align: inherit;\"><span style=\"vertical-align: inherit;\"><span style=\"vertical-align: inherit;\"><span style=\"vertical-align: inherit;\"><span style=\"vertical-align: inherit;\"><span style=\"vertical-align: inherit;\">2020\/2021 &#8211; Programa de Forma\u00e7\u00e3o de Cr\u00edtica e Pr\u00e1tica em Artes Visuais, Laborat\u00f3rio Internacional de Pr\u00e1ticas Art\u00edsticas (ILAP), da UNCOOL Artista<\/span><\/span><\/span><\/span><\/span><\/span><\/p><p><span style=\"font-weight: bold;\"><span style=\"vertical-align: inherit;\"><span style=\"vertical-align: inherit;\"><span style=\"vertical-align: inherit;\"><span style=\"vertical-align: inherit;\"><span style=\"vertical-align: inherit;\"><span style=\"vertical-align: inherit;\">Exposi\u00e7\u00f5es Individuais<\/span><\/span><\/span><\/span><\/span><\/span><br \/><\/span><span style=\"vertical-align: inherit;\"><span style=\"vertical-align: inherit;\"><span style=\"vertical-align: inherit;\"><span style=\"vertical-align: inherit;\"><span style=\"vertical-align: inherit;\"><span style=\"vertical-align: inherit;\"> 2019\/2020 &#8211; \u201cTempos Diversos\u201d Ocupa\u00e7\u00e3o da Vitrine do Instituto de Arte da UNICAMP Campinas, SP <\/span><\/span><\/span><\/span><\/span><\/span><br \/><span style=\"vertical-align: inherit;\"><span style=\"vertical-align: inherit;\"><span style=\"vertical-align: inherit;\"><span style=\"vertical-align: inherit;\"><span style=\"vertical-align: inherit;\"><span style=\"vertical-align: inherit;\">2014 &#8211; Paisagens Urbanas &#8211; Escola Polivalente &#8211; Americana, SP <\/span><\/span><\/span><\/span><\/span><\/span><br \/><span style=\"vertical-align: inherit;\"><span style=\"vertical-align: inherit;\"><span style=\"vertical-align: inherit;\"><span style=\"vertical-align: inherit;\"><span style=\"vertical-align: inherit;\"><span style=\"vertical-align: inherit;\">2013 &#8211; Paisagens Urbanas &#8211; FAAL Limeira SP <\/span><\/span><\/span><\/span><\/span><\/span><br \/><span style=\"vertical-align: inherit;\"><span style=\"vertical-align: inherit;\"><span style=\"vertical-align: inherit;\"><span style=\"vertical-align: inherit;\"><span style=\"vertical-align: inherit;\"><span style=\"vertical-align: inherit;\">2009 &#8211; Observando os outros &#8211; Casa do Salgot &#8211; Piracicaba, SP<\/span><\/span><\/span><\/span><\/span><\/span><\/p><p><b><span style=\"vertical-align: inherit;\"><span style=\"vertical-align: inherit;\"><span style=\"vertical-align: inherit;\"><span style=\"vertical-align: inherit;\"><span style=\"vertical-align: inherit;\"><span style=\"vertical-align: inherit;\">Exposi\u00e7\u00f5es Coletivas<\/span><\/span><\/span><\/span><\/span><\/span><\/b><\/p><p style=\"font-weight: 400;\">2022 &#8211; Feminidades \u2013 Escenario de Mujer \u2013 Galeria Casa Digital BGA \u2013 Bucaramanga, Colombia<br \/>2022 &#8211; Caderno Obra \u2013 Olugar\u00a0Arte Contempor\u00e2nea \u2013 Rio de Janeiro, RJ\u00a0<br \/>2022 \u2013 Projeto HG \u2013 Estante de Livro de Artistas \u2013 IA UNICAMP, Campinas, SP<br \/><span style=\"vertical-align: inherit;\"><span style=\"vertical-align: inherit;\"><span style=\"vertical-align: inherit;\"><span style=\"vertical-align: inherit;\"><span style=\"vertical-align: inherit;\"><span style=\"vertical-align: inherit;\">2020\/2021 <\/span><\/span><\/span><\/span><\/span><\/span><b><span style=\"vertical-align: inherit;\"><span style=\"vertical-align: inherit;\"><span style=\"vertical-align: inherit;\"><span style=\"vertical-align: inherit;\"><span style=\"vertical-align: inherit;\"><span style=\"vertical-align: inherit;\">&#8211;<\/span><\/span><\/span><\/span><\/span><\/span><\/b><span style=\"vertical-align: inherit;\"><span style=\"vertical-align: inherit;\"><span style=\"vertical-align: inherit;\"><span style=\"vertical-align: inherit;\"><span style=\"vertical-align: inherit;\"><span style=\"vertical-align: inherit;\"> Remetimentos. Projeto em andamento selecionado pela Convocat\u00f3ria de Ocupa\u00e7\u00e3o Casa da Cultura da Am\u00e9rica Latina &#8211; CAL UnB Bras\u00edlia <\/span><\/span><\/span><\/span><\/span><\/span><br \/><span style=\"vertical-align: inherit;\"><span style=\"vertical-align: inherit;\"><span style=\"vertical-align: inherit;\"><span style=\"vertical-align: inherit;\"><span style=\"vertical-align: inherit;\"><span style=\"vertical-align: inherit;\">2020 &#8211; Remetimentos. Edital anual da Secretaria de Cultura para a Pinacoteca Municipal de Piracicaba <\/span><\/span><\/span><\/span><\/span><\/span><br \/><span style=\"vertical-align: inherit;\"><span style=\"vertical-align: inherit;\"><span style=\"vertical-align: inherit;\"><span style=\"vertical-align: inherit;\"><span style=\"vertical-align: inherit;\"><span style=\"vertical-align: inherit;\">2019 &#8211; Equin\u00f3cio &#8211; Ocupa\u00e7\u00e3o art\u00edstica no antigo Manic\u00f4mio Candido Ferreira, Campinas, SP <\/span><\/span><\/span><\/span><\/span><\/span><br \/><span style=\"vertical-align: inherit;\"><span style=\"vertical-align: inherit;\"><span style=\"vertical-align: inherit;\"><span style=\"vertical-align: inherit;\"><span style=\"vertical-align: inherit;\"><span style=\"vertical-align: inherit;\">2019 &#8211; Casa Contempor\u00e2nea_10 Anos &#8211; Livro de Artista &#8211; S\u00e3o Paulo <\/span><\/span><\/span><\/span><\/span><\/span><br \/><span style=\"vertical-align: inherit;\"><span style=\"vertical-align: inherit;\"><span style=\"vertical-align: inherit;\"><span style=\"vertical-align: inherit;\"><span style=\"vertical-align: inherit;\"><span style=\"vertical-align: inherit;\">2018 &#8211; Carta Obra Arte Correo &#8211; Centro Cultural Brasil M\u00e9xico &#8211; Cidade do M\u00e9xico <\/span><\/span><\/span><\/span><\/span><\/span><br \/><span style=\"vertical-align: inherit;\"><span style=\"vertical-align: inherit;\"><span style=\"vertical-align: inherit;\"><span style=\"vertical-align: inherit;\"><span style=\"vertical-align: inherit;\"><span style=\"vertical-align: inherit;\">2017 &#8211; Atravessamentos Po\u00e9ticos &#8211; Museu Casa de Vidro &#8211; Campinas SP <\/span><\/span><\/span><\/span><\/span><\/span><br \/><span style=\"vertical-align: inherit;\"><span style=\"vertical-align: inherit;\"><span style=\"vertical-align: inherit;\"><span style=\"vertical-align: inherit;\"><span style=\"vertical-align: inherit;\"><span style=\"vertical-align: inherit;\">2016 &#8211; \u201cPalavra + Imagem \u201d- Livro de artista &#8211; Museu de Arte Murilo Mendes &#8211; MAMM &#8211; Juiz de Fora, MG\u00a0 <\/span><\/span><\/span><\/span><\/span><\/span><br \/><span style=\"vertical-align: inherit;\"><span style=\"vertical-align: inherit;\"><span style=\"vertical-align: inherit;\"><span style=\"vertical-align: inherit;\"><span style=\"vertical-align: inherit;\"><span style=\"vertical-align: inherit;\">2016 -\u201c Carta \/ Obra \u201d- Galeria deCurators &#8211; Bras\u00edlia, DF<\/span><\/span><\/span><\/span><\/span><\/span><br \/><span style=\"vertical-align: inherit;\"><span style=\"vertical-align: inherit;\"><span style=\"vertical-align: inherit;\"><span style=\"vertical-align: inherit;\">2015 &#8211; \u201cPalavra + Imagem &#8211; Livro de artista &#8211; MACC, Campina, SP <\/span><\/span><\/span><\/span><br \/><span style=\"vertical-align: inherit;\"><span style=\"vertical-align: inherit;\"><span style=\"vertical-align: inherit;\"><span style=\"vertical-align: inherit;\">2015 -\u201c A p\u00e1gina e o livro de artista \u201d- MAG, Goi\u00e2nia GO <\/span><\/span><\/span><\/span><br \/><span style=\"vertical-align: inherit;\"><span style=\"vertical-align: inherit;\"><span style=\"vertical-align: inherit;\"><span style=\"vertical-align: inherit;\">2015 &#8211; Express\u00e3o M\u00ednima: Rastros e Lastros &#8211; Esta\u00e7\u00e3o Guanabara, UNICAMP Campinas, SP<\/span><\/span><\/span><\/span><\/p><p><b><span style=\"vertical-align: inherit;\"><span style=\"vertical-align: inherit;\"><span style=\"vertical-align: inherit;\"><span style=\"vertical-align: inherit;\">Resid\u00eancias<\/span><\/span><\/span><\/span><\/b><\/p><p><span style=\"font-weight: normal;\"><span style=\"color: var( --e-global-color-text ); font-family: var( --e-global-typography-text-font-family ), Sans-serif; background-color: var(--nv-site-bg); letter-spacing: 0px;\"><span style=\"vertical-align: inherit;\"><span style=\"vertical-align: inherit;\"><span style=\"vertical-align: inherit;\"><span style=\"vertical-align: inherit;\">2019 &#8211; Visconde de Mau\u00e1 RJ<\/span><\/span><\/span><\/span><br \/><\/span><\/span><span style=\"font-weight: normal;\"><span style=\"vertical-align: inherit;\"><span style=\"vertical-align: inherit;\"><span style=\"vertical-align: inherit;\"><span style=\"vertical-align: inherit;\"> 2018 &#8211; S\u00e3o Sim\u00e3o SP<\/span><\/span><\/span><\/span><\/span><\/p><p><b><span style=\"vertical-align: inherit;\"><span style=\"vertical-align: inherit;\"><span style=\"vertical-align: inherit;\"><span style=\"vertical-align: inherit;\">Projetos especiais<\/span><\/span><\/span><\/span><\/b>\u00a0<\/p><p><span style=\"vertical-align: inherit;\"><span style=\"vertical-align: inherit;\"><span style=\"vertical-align: inherit;\"><span style=\"vertical-align: inherit;\">2019 &#8211; Sketchtour e 5\u00ba Encontro Internacional de Desenhos de Rua em Torres Vedras &#8211; Portugal<\/span><\/span><\/span><\/span><\/p><p><b><span style=\"vertical-align: inherit;\"><span style=\"vertical-align: inherit;\"><span style=\"vertical-align: inherit;\"><span style=\"vertical-align: inherit;\">Obras em acervo<\/span><\/span><\/span><\/span><\/b><\/p><p><span style=\"vertical-align: inherit;\"><span style=\"vertical-align: inherit;\"><span style=\"vertical-align: inherit;\"><span style=\"vertical-align: inherit;\">Instituto de Arte, UNICAMP, Campinas &#8211; SP <\/span><\/span><\/span><\/span><br \/><span style=\"vertical-align: inherit;\"><span style=\"vertical-align: inherit;\"><span style=\"vertical-align: inherit;\"><span style=\"vertical-align: inherit;\">C\u00e2mara Municipal de Piracicaba &#8211; SP <\/span><\/span><\/span><\/span><br \/><span style=\"vertical-align: inherit;\"><span style=\"vertical-align: inherit;\"><span style=\"vertical-align: inherit;\"><span style=\"vertical-align: inherit;\">Museu ESALQ Piracicaba &#8211; SP <\/span><\/span><\/span><\/span><br \/><span style=\"vertical-align: inherit;\"><span style=\"vertical-align: inherit;\"><span style=\"vertical-align: inherit;\"><span style=\"vertical-align: inherit;\">Centro Cultural Martha Watts Piracicaba SP<\/span><\/span><\/span><\/span><\/p>\t\t\t\t\t\t\t\t<\/div>\n\t\t\t\t<\/div>\n\t\t\t\t\t<\/div>\n\t\t<\/div>\n\t\t\t\t\t<\/div>\n\t\t<\/section>\n\t\t\t\t\t<\/div>\n\t\t<\/div>\n\t\t\t\t\t<\/div>\n\t\t<\/section>\n\t\t\t\t<\/div>\n\t\t","protected":false},"excerpt":{"rendered":"<p>Alzira Ballestero Artista visual, vive e trabalha em Piracicaba (SP) Brasil Forma\u00e7\u00e3o Especializa\u00e7\u00e3o em Artes Visuais &#8211; UNICAMP &#8211; 2010 Grupo de estudos \/ coletivos 2017\/2021 &#8211; Acompanhamento em Projetos em Artes Visuais &#8211; Sylvia Furegatti &#8211; Campinas (SP) 2020\/2021 &#8211; Programa de Forma\u00e7\u00e3o de Cr\u00edtica e Pr\u00e1tica em Artes Visuais, Laborat\u00f3rio Internacional de Pr\u00e1ticas&hellip;&nbsp;<a href=\"https:\/\/alziraballestero.com.br\/index.php\/curriculo\/\" rel=\"bookmark\">Continue a ler &raquo;<span class=\"screen-reader-text\">Curr\u00edculo<\/span><\/a><\/p>\n","protected":false},"author":2,"featured_media":0,"parent":0,"menu_order":0,"comment_status":"closed","ping_status":"closed","template":"elementor_header_footer","meta":{"neve_meta_sidebar":"full-width","neve_meta_container":"contained","neve_meta_enable_content_width":"on","neve_meta_content_width":100,"neve_meta_title_alignment":"","neve_meta_author_avatar":"","neve_post_elements_order":"","neve_meta_disable_header":"","neve_meta_disable_footer":"","neve_meta_disable_title":"","footnotes":""},"class_list":["post-916","page","type-page","status-publish","hentry"],"_links":{"self":[{"href":"https:\/\/alziraballestero.com.br\/index.php\/wp-json\/wp\/v2\/pages\/916","targetHints":{"allow":["GET"]}}],"collection":[{"href":"https:\/\/alziraballestero.com.br\/index.php\/wp-json\/wp\/v2\/pages"}],"about":[{"href":"https:\/\/alziraballestero.com.br\/index.php\/wp-json\/wp\/v2\/types\/page"}],"author":[{"embeddable":true,"href":"https:\/\/alziraballestero.com.br\/index.php\/wp-json\/wp\/v2\/users\/2"}],"replies":[{"embeddable":true,"href":"https:\/\/alziraballestero.com.br\/index.php\/wp-json\/wp\/v2\/comments?post=916"}],"version-history":[{"count":27,"href":"https:\/\/alziraballestero.com.br\/index.php\/wp-json\/wp\/v2\/pages\/916\/revisions"}],"predecessor-version":[{"id":1201,"href":"https:\/\/alziraballestero.com.br\/index.php\/wp-json\/wp\/v2\/pages\/916\/revisions\/1201"}],"wp:attachment":[{"href":"https:\/\/alziraballestero.com.br\/index.php\/wp-json\/wp\/v2\/media?parent=916"}],"curies":[{"name":"wp","href":"https:\/\/api.w.org\/{rel}","templated":true}]}}